{"id":181623,"date":"2015-11-19T17:26:03","date_gmt":"2015-11-19T16:26:03","guid":{"rendered":"https:\/\/trux.se\/?page_id=181623"},"modified":"2025-11-13T14:44:52","modified_gmt":"2025-11-13T13:44:52","slug":"o-nas","status":"publish","type":"page","link":"https:\/\/trux.se\/cs\/o-nas\/","title":{"rendered":"O n\u00e1s"},"content":{"rendered":"<p><div class=\"fusion-fullwidth fullwidth-box fusion-builder-row-1 fusion-flex-container has-pattern-background has-mask-background fusion-parallax-fixed hundred-percent-fullwidth non-hundred-percent-height-scrolling\" style=\"--awb-background-position:center bottom;--awb-background-blend-mode:multiply;--awb-border-radius-top-left:0px;--awb-border-radius-top-right:0px;--awb-border-radius-bottom-right:0px;--awb-border-radius-bottom-left:0px;--awb-margin-top:0px;--awb-min-height:35vh;--awb-background-color:rgba(0,0,0,0.6);--awb-background-image:url(&quot;https:\/\/trux.se\/wp-content\/uploads\/2022\/11\/trux-historia.webp&quot;);--awb-background-size:cover;--awb-flex-wrap:wrap;background-attachment:fixed;\" ><div class=\"fusion-builder-row fusion-row fusion-flex-align-items-flex-end fusion-flex-align-content-flex-end fusion-flex-content-wrap\" style=\"width:104% !important;max-width:104% !important;margin-left: calc(-4% \/ 2 );margin-right: calc(-4% \/ 2 );\"><div class=\"fusion-layout-column fusion_builder_column fusion-builder-column-0 fusion_builder_column_1_1 1_1 fusion-flex-column fusion-flex-align-self-center\" style=\"--awb-bg-size:cover;--awb-width-large:100%;--awb-margin-top-large:0px;--awb-spacing-right-large:1.92%;--awb-margin-bottom-large:0%;--awb-spacing-left-large:1.92%;--awb-width-medium:100%;--awb-order-medium:0;--awb-spacing-right-medium:1.92%;--awb-spacing-left-medium:1.92%;--awb-width-small:100%;--awb-order-small:0;--awb-spacing-right-small:1.92%;--awb-spacing-left-small:1.92%;\"><div class=\"fusion-column-wrapper fusion-column-has-shadow fusion-flex-justify-content-center fusion-content-layout-column\"><div class=\"fusion-title title fusion-title-1 fusion-sep-none fusion-title-center fusion-title-text fusion-title-size-one\" style=\"--awb-margin-top:0em;--awb-margin-top-small:10px;--awb-margin-right-small:0px;--awb-margin-bottom-small:10px;--awb-margin-left-small:0px;--awb-font-size:70px;\"><h1 class=\"fusion-title-heading title-heading-center fusion-responsive-typography-calculated\" style=\"font-family:&quot;Montserrat&quot;;font-style:normal;font-weight:400;margin:0;font-size:1em;--fontSize:70;line-height:1.4;\">SPOLE\u010cNOST TRUX<\/h1><\/div><\/div><\/div><\/div><\/div><div class=\"fusion-fullwidth fullwidth-box fusion-builder-row-2 fusion-flex-container has-pattern-background has-mask-background nonhundred-percent-fullwidth non-hundred-percent-height-scrolling\" style=\"--awb-background-position:center top;--awb-border-radius-top-left:0px;--awb-border-radius-top-right:0px;--awb-border-radius-bottom-right:0px;--awb-border-radius-bottom-left:0px;--awb-padding-top:40px;--awb-flex-wrap:wrap;\" ><div class=\"fusion-builder-row fusion-row fusion-flex-align-items-center fusion-flex-justify-content-center fusion-flex-content-wrap\" style=\"max-width:1216.8px;margin-left: calc(-4% \/ 2 );margin-right: calc(-4% \/ 2 );\"><div class=\"fusion-layout-column fusion_builder_column fusion-builder-column-1 fusion_builder_column_3_4 3_4 fusion-flex-column\" style=\"--awb-bg-position:center top;--awb-bg-blend:overlay;--awb-bg-size:cover;--awb-width-large:75%;--awb-margin-top-large:0px;--awb-spacing-right-large:2.56%;--awb-margin-bottom-large:20px;--awb-spacing-left-large:2.56%;--awb-width-medium:100%;--awb-spacing-right-medium:1.92%;--awb-spacing-left-medium:1.92%;--awb-width-small:100%;--awb-spacing-right-small:1.92%;--awb-spacing-left-small:1.92%;\"><div class=\"fusion-column-wrapper fusion-flex-justify-content-flex-start fusion-content-layout-column\"><div class=\"fusion-text fusion-text-1\" style=\"--awb-text-transform:none;\"><p style=\"text-align: center;\"><strong>Spole\u010dnost Trux AB je l\u00eddrem a prvov\u00fdrobcem na evropsk\u00e9m trhu s p\u0159edn\u00edmi ochrann\u00fdmi r\u00e1my pro n\u00e1kladn\u00ed vozidla.<\/strong><\/p>\n<p style=\"text-align: center;\">Spole\u010dnost jako prvn\u00ed na evropsk\u00e9m trhu navrhla a vyrobila ochrann\u00fd r\u00e1m pro n\u00e1kladn\u00ed automobily. Dnes byl tento produkt rozvinul do \u0161irok\u00e9 \u0161k\u00e1ly ochrann\u00fdch a stylingov\u00fdch dopl\u0148k\u016f pro mont\u00e1\u017e na n\u00e1kladn\u00ed vozidla v\u011bt\u0161iny evropsk\u00fdch zna\u010dek..<\/p>\n<p style=\"text-align: center;\">Spole\u010dnost byla zalo\u017eena v roce 1986. Nejv\u011bt\u0161\u00edmi jednotliv\u00fdmi trhy jsou \u0160v\u00e9dsko, Norsko a N\u011bmecko.<br \/>\nSpole\u010dnost Trux AB se nach\u00e1z\u00ed v Ljusdalu v malebn\u00e9m H\u00e4lsinglandu uprost\u0159ed \u0160v\u00e9dska a je sou\u010d\u00e1st\u00ed skupiny Extendo Group.<\/p>\n<\/div><\/div><\/div><\/div><\/div><div class=\"fusion-fullwidth fullwidth-box fusion-builder-row-3 hundred-percent-fullwidth non-hundred-percent-height-scrolling fusion-no-small-visibility fusion-no-medium-visibility\" style=\"--awb-border-radius-top-left:0px;--awb-border-radius-top-right:0px;--awb-border-radius-bottom-right:0px;--awb-border-radius-bottom-left:0px;--awb-padding-top:0px;--awb-flex-wrap:wrap;\" ><div class=\"fusion-builder-row fusion-row\"><div class=\"fusion-layout-column fusion_builder_column fusion-builder-column-2 fusion_builder_column_1_1 1_1 fusion-one-full fusion-column-first fusion-column-last\" style=\"--awb-bg-size:cover;\"><div class=\"fusion-column-wrapper fusion-column-has-shadow fusion-flex-column-wrapper-legacy\"><div class=\"fusion-section-separator section-separator big-half-circle fusion-section-separator-1\" style=\"--awb-spacer-height:99px;--awb-svg-margin-left:0;--awb-svg-margin-right:0;--awb-divider-height:99px;--awb-spacer-padding-top:inherit;--awb-sep-padding:0;--awb-svg-padding:0;\"><div class=\"fusion-section-separator-svg\"><svg class=\"fusion-big-half-circle-candy\" xmlns=\"http:\/\/www.w3.org\/2000\/svg\" version=\"1.1\" width=\"100%\" height=\"100\" viewBox=\"0 0 100 100\" preserveAspectRatio=\"none\" fill=\"rgba(37,41,43,1)\"><path d=\"M0 0 C55 180 100 0 100 0 Z\"><\/path><\/svg><\/div><div class=\"fusion-section-separator-spacer\"><div class=\"fusion-section-separator-spacer-height\"><\/div><\/div><\/div><div class=\"fusion-clearfix\"><\/div><\/div><\/div><\/div><\/div><div class=\"fusion-fullwidth fullwidth-box fusion-builder-row-4 fusion-flex-container has-pattern-background has-mask-background fusion-parallax-fixed nonhundred-percent-fullwidth non-hundred-percent-height-scrolling\" style=\"--awb-background-position:center top;--awb-border-radius-top-left:0px;--awb-border-radius-top-right:0px;--awb-border-radius-bottom-right:0px;--awb-border-radius-bottom-left:0px;--awb-padding-top:100px;--awb-padding-bottom:40px;--awb-margin-top:-100px;--awb-margin-bottom:0px;--awb-background-color:#ffffff;--awb-background-image:url(&quot;https:\/\/trux.se\/wp-content\/uploads\/2022\/10\/lacken_0953.webp&quot;);--awb-background-size:cover;--awb-flex-wrap:wrap;background-attachment:fixed;\" ><div class=\"fusion-builder-row fusion-row fusion-flex-align-items-center fusion-flex-justify-content-center fusion-flex-content-wrap\" style=\"max-width:1216.8px;margin-left: calc(-4% \/ 2 );margin-right: calc(-4% \/ 2 );\"><div class=\"fusion-layout-column fusion_builder_column fusion-builder-column-3 fusion_builder_column_3_4 3_4 fusion-flex-column\" style=\"--awb-bg-position:center top;--awb-bg-size:cover;--awb-width-large:75%;--awb-margin-top-large:0px;--awb-spacing-right-large:2.56%;--awb-margin-bottom-large:20px;--awb-spacing-left-large:2.56%;--awb-width-medium:100%;--awb-order-medium:0;--awb-spacing-right-medium:1.92%;--awb-spacing-left-medium:1.92%;--awb-width-small:100%;--awb-order-small:0;--awb-spacing-right-small:1.92%;--awb-spacing-left-small:1.92%;\"><div class=\"fusion-column-wrapper fusion-column-has-shadow fusion-flex-justify-content-flex-start fusion-content-layout-column\"><div class=\"fusion-title title fusion-title-2 fusion-sep-none fusion-title-center fusion-title-text fusion-title-size-three\" style=\"--awb-margin-top-small:10px;--awb-margin-right-small:0px;--awb-margin-bottom-small:10px;--awb-margin-left-small:0px;--awb-font-size:70px;\"><h3 class=\"fusion-title-heading title-heading-center fusion-responsive-typography-calculated\" style=\"margin:0;font-size:1em;--fontSize:70;line-height:1.45;\">PODNIKATELSK\u00c9 PL\u00c1NY TRUXU<\/h3><\/div><div class=\"fusion-text fusion-text-2\"><p style=\"text-align: center;\"><strong>Spole\u010dnost Trux AB vyv\u00edj\u00ed, vyr\u00e1b\u00ed, prod\u00e1v\u00e1 a ochrann\u00e9 a stylingov\u00e9 dopl\u0148ky, jako jsou sv\u011bteln\u00e9 rampy a hlin\u00edkov\u00e9 p\u0159edn\u00ed ochrann\u00e9 r\u00e1my pro n\u00e1kladn\u00ed vozidla.<\/strong><\/p>\n<p style=\"text-align: center;\">V\u00fdrobky jsou p\u0159izp\u016fsobeny v\u0161em produktov\u00fdm program\u016fm v\u00fdrobc\u016f n\u00e1kladn\u00edch vozidel v Evrop\u011b, kter\u00e1 je tak\u00e9 hlavn\u00edm trhem spole\u010dnosti Trux. D\u00edky vysok\u00e9 kvalit\u011b produkt\u016f, vyt\u0159\u00edben\u00e9mu designu, dostupnosti a mo\u017enosti jedine\u010dn\u00fdch z\u00e1kaznick\u00fdch \u00faprav bude Trux tou nejlep\u0161\u00ed volbou pro Va\u0161i p\u0159epravn\u00ed spole\u010dnost.<\/p>\n<p style=\"text-align: center;\">V\u00fdrobky spole\u010dnosti Trux AB jsou prod\u00e1v\u00e1ny ve \u0160v\u00e9dsku prost\u0159ednictv\u00edm prodejc\u016f n\u00e1kladn\u00edch vozidel a na exportn\u00edch trz\u00edch prost\u0159ednictv\u00edm nez\u00e1visl\u00fdch distributor\u016f, co\u017e zaru\u010duje p\u0159epravn\u00ed spole\u010dnosti vysokou \u00farove\u0148 dostupnosti. Spole\u010dnost Trux AB je tak\u00e9 subdodavatelem spole\u010dnost\u00ed Volvo Trucks, Scania a DAF.<\/p>\n<\/div><\/div><\/div><\/div><\/div><div class=\"fusion-fullwidth fullwidth-box fusion-builder-row-5 fusion-flex-container nonhundred-percent-fullwidth non-hundred-percent-height-scrolling\" style=\"--awb-background-position:center top;--awb-border-radius-top-left:0px;--awb-border-radius-top-right:0px;--awb-border-radius-bottom-right:0px;--awb-border-radius-bottom-left:0px;--awb-padding-top:40px;--awb-flex-wrap:wrap;\" ><div class=\"fusion-builder-row fusion-row fusion-flex-align-items-center fusion-flex-justify-content-center fusion-flex-content-wrap\" style=\"max-width:1216.8px;margin-left: calc(-4% \/ 2 );margin-right: calc(-4% \/ 2 );\"><div class=\"fusion-layout-column fusion_builder_column fusion-builder-column-4 fusion_builder_column_3_4 3_4 fusion-flex-column\" style=\"--awb-padding-top:20px;--awb-padding-bottom:78px;--awb-bg-position:center top;--awb-bg-size:cover;--awb-width-large:75%;--awb-margin-top-large:50px;--awb-spacing-right-large:2.56%;--awb-margin-bottom-large:20px;--awb-spacing-left-large:2.56%;--awb-width-medium:100%;--awb-order-medium:0;--awb-spacing-right-medium:1.92%;--awb-spacing-left-medium:1.92%;--awb-width-small:100%;--awb-order-small:0;--awb-spacing-right-small:1.92%;--awb-spacing-left-small:1.92%;\"><div class=\"fusion-column-wrapper fusion-column-has-shadow fusion-flex-justify-content-flex-start fusion-content-layout-column\"><div class=\"fusion-title title fusion-title-3 fusion-sep-none fusion-title-center fusion-title-text fusion-title-size-two\" style=\"--awb-margin-bottom:0px;--awb-margin-top-small:10px;--awb-margin-right-small:0px;--awb-margin-bottom-small:10px;--awb-margin-left-small:0px;\"><h2 class=\"fusion-title-heading title-heading-center fusion-responsive-typography-calculated\" style=\"margin:0;--fontSize:25;line-height:1.28;\">TRUX<\/h2><\/div><div class=\"fusion-title title fusion-title-4 fusion-sep-none fusion-title-center fusion-title-text fusion-title-size-three\" style=\"--awb-margin-top-small:10px;--awb-margin-right-small:0px;--awb-margin-bottom-small:10px;--awb-margin-left-small:0px;--awb-font-size:70px;\"><h3 class=\"fusion-title-heading title-heading-center fusion-responsive-typography-calculated\" style=\"margin:0;font-size:1em;--fontSize:70;line-height:1.45;\">KVALITA A \u017dIVOTN\u00cd PROST\u0158ED\u00cd<\/h3><\/div><div class=\"fusion-text fusion-text-3\"><p style=\"text-align: center;\"><strong>Pro n\u00e1s ve spole\u010dnosti Trux je p\u0159irozen\u00e9 pracovat s ohledem na nejvy\u0161\u0161\u00ed kvalitu jak z hlediska kvality v\u00fdrobk\u016f, tak z hlediska kvality v na\u0161\u00ed ka\u017edodenn\u00ed pr\u00e1ci, s nejvy\u0161\u0161\u00edm zam\u011b\u0159en\u00edm na z\u00e1kazn\u00edka.<\/strong><\/p>\n<p style=\"text-align: center;\">Stejn\u011b tak je d\u016fle\u017eit\u00e9 v na\u0161\u00ed pr\u00e1ci br\u00e1t ohled a db\u00e1t o udr\u017eitelnost \u017eivotn\u00edho prost\u0159ed\u00ed.<\/p>\n<p style=\"text-align: center;\">Abychom zajistili spr\u00e1vnou a systematickou pr\u00e1ci, jsme certifikov\u00e1ni podle <a href=\"https:\/\/trux.se\/wp-content\/uploads\/2022\/09\/00004961-00004962-00004963-OHSAS-QMS-EMS-SWESE-UKAS-2.pdf\">ISO 14001:2015 | ISO 9001:2015 | ISO 45001:2018.<\/a><\/p>\n<p style=\"text-align: center;\">Trux AB:s <a href=\"https:\/\/trux.se\/wp-content\/uploads\/2025\/06\/TRX_0014_Verksamhetspolicy-.pdf\">verksamhetspolicy (PDF)<\/a><\/p>\n<\/div><\/div><\/div><\/div><\/div><div class=\"fusion-fullwidth fullwidth-box fusion-builder-row-6 fusion-flex-container hundred-percent-fullwidth non-hundred-percent-height-scrolling\" style=\"--awb-border-radius-top-left:0px;--awb-border-radius-top-right:0px;--awb-border-radius-bottom-right:0px;--awb-border-radius-bottom-left:0px;--awb-margin-bottom:0px;--awb-background-color:#ffc500;--awb-flex-wrap:wrap;\" ><\/div>\n<div class=\"fusion-fullwidth fullwidth-box fusion-builder-row-7 has-pattern-background has-mask-background hundred-percent-fullwidth non-hundred-percent-height-scrolling\" style=\"--awb-border-radius-top-left:0px;--awb-border-radius-top-right:0px;--awb-border-radius-bottom-right:0px;--awb-border-radius-bottom-left:0px;--awb-padding-top:0px;--awb-padding-right:0px;--awb-padding-bottom:0px;--awb-padding-left:0px;--awb-margin-top:0px;--awb-margin-bottom:0px;--awb-background-color:var(--awb-color8);--awb-flex-wrap:wrap;\" ><\/div>\n<\/p>\n","protected":false},"excerpt":{"rendered":"","protected":false},"author":1,"featured_media":0,"parent":0,"menu_order":0,"comment_status":"closed","ping_status":"closed","template":"100-width.php","meta":{"footnotes":""},"class_list":["post-181623","page","type-page","status-publish","hentry"],"_links":{"self":[{"href":"https:\/\/trux.se\/cs\/wp-json\/wp\/v2\/pages\/181623","targetHints":{"allow":["GET"]}}],"collection":[{"href":"https:\/\/trux.se\/cs\/wp-json\/wp\/v2\/pages"}],"about":[{"href":"https:\/\/trux.se\/cs\/wp-json\/wp\/v2\/types\/page"}],"author":[{"embeddable":true,"href":"https:\/\/trux.se\/cs\/wp-json\/wp\/v2\/users\/1"}],"replies":[{"embeddable":true,"href":"https:\/\/trux.se\/cs\/wp-json\/wp\/v2\/comments?post=181623"}],"version-history":[{"count":10,"href":"https:\/\/trux.se\/cs\/wp-json\/wp\/v2\/pages\/181623\/revisions"}],"predecessor-version":[{"id":229057,"href":"https:\/\/trux.se\/cs\/wp-json\/wp\/v2\/pages\/181623\/revisions\/229057"}],"wp:attachment":[{"href":"https:\/\/trux.se\/cs\/wp-json\/wp\/v2\/media?parent=181623"}],"curies":[{"name":"wp","href":"https:\/\/api.w.org\/{rel}","templated":true}]}}