{"id":203620,"date":"2015-11-19T17:26:03","date_gmt":"2015-11-19T16:26:03","guid":{"rendered":"https:\/\/trux.se\/?page_id=203620"},"modified":"2025-11-13T14:29:30","modified_gmt":"2025-11-13T13:29:30","slug":"qui-sommes-nous","status":"publish","type":"page","link":"https:\/\/trux.se\/fr\/qui-sommes-nous\/","title":{"rendered":"QUI SOMMES-NOUS ?"},"content":{"rendered":"<p><div class=\"fusion-fullwidth fullwidth-box fusion-builder-row-1 fusion-flex-container has-pattern-background has-mask-background fusion-parallax-fixed hundred-percent-fullwidth non-hundred-percent-height-scrolling\" style=\"--awb-background-position:center bottom;--awb-background-blend-mode:multiply;--awb-border-radius-top-left:0px;--awb-border-radius-top-right:0px;--awb-border-radius-bottom-right:0px;--awb-border-radius-bottom-left:0px;--awb-margin-top:0px;--awb-min-height:35vh;--awb-background-color:rgba(0,0,0,0.6);--awb-background-image:url(&quot;https:\/\/trux.se\/wp-content\/uploads\/2022\/11\/trux-historia.webp&quot;);--awb-background-size:cover;--awb-flex-wrap:wrap;background-attachment:fixed;\" ><div class=\"fusion-builder-row fusion-row fusion-flex-align-items-flex-end fusion-flex-align-content-flex-end fusion-flex-content-wrap\" style=\"width:104% !important;max-width:104% !important;margin-left: calc(-4% \/ 2 );margin-right: calc(-4% \/ 2 );\"><div class=\"fusion-layout-column fusion_builder_column fusion-builder-column-0 fusion_builder_column_1_1 1_1 fusion-flex-column fusion-flex-align-self-center\" style=\"--awb-bg-size:cover;--awb-width-large:100%;--awb-margin-top-large:0px;--awb-spacing-right-large:1.92%;--awb-margin-bottom-large:0%;--awb-spacing-left-large:1.92%;--awb-width-medium:100%;--awb-order-medium:0;--awb-spacing-right-medium:1.92%;--awb-spacing-left-medium:1.92%;--awb-width-small:100%;--awb-order-small:0;--awb-spacing-right-small:1.92%;--awb-spacing-left-small:1.92%;\"><div class=\"fusion-column-wrapper fusion-column-has-shadow fusion-flex-justify-content-center fusion-content-layout-column\"><div class=\"fusion-title title fusion-title-1 fusion-sep-none fusion-title-center fusion-title-text fusion-title-size-two\" style=\"--awb-margin-bottom:0px;--awb-margin-top-small:10px;--awb-margin-right-small:0px;--awb-margin-bottom-small:10px;--awb-margin-left-small:0px;\"><h2 class=\"fusion-title-heading title-heading-center fusion-responsive-typography-calculated\" style=\"margin:0;--fontSize:25;line-height:1.28;\">TRUX<\/h2><\/div><div class=\"fusion-title title fusion-title-2 fusion-sep-none fusion-title-center fusion-title-text fusion-title-size-one\" style=\"--awb-margin-top:0em;--awb-margin-top-small:10px;--awb-margin-right-small:0px;--awb-margin-bottom-small:10px;--awb-margin-left-small:0px;--awb-font-size:70px;\"><h1 class=\"fusion-title-heading title-heading-center fusion-responsive-typography-calculated\" style=\"font-family:&quot;Montserrat&quot;;font-style:normal;font-weight:400;margin:0;font-size:1em;--fontSize:70;line-height:1.4;\">L\u2019ENTREPRISE<\/h1><\/div><\/div><\/div><\/div><\/div><div class=\"fusion-fullwidth fullwidth-box fusion-builder-row-2 fusion-flex-container has-pattern-background has-mask-background nonhundred-percent-fullwidth non-hundred-percent-height-scrolling\" style=\"--awb-background-position:center top;--awb-border-radius-top-left:0px;--awb-border-radius-top-right:0px;--awb-border-radius-bottom-right:0px;--awb-border-radius-bottom-left:0px;--awb-padding-top:6%;--awb-padding-bottom:6%;--awb-flex-wrap:wrap;\" ><div class=\"fusion-builder-row fusion-row fusion-flex-align-items-center fusion-flex-justify-content-center fusion-flex-content-wrap\" style=\"max-width:1216.8px;margin-left: calc(-4% \/ 2 );margin-right: calc(-4% \/ 2 );\"><div class=\"fusion-layout-column fusion_builder_column fusion-builder-column-1 fusion_builder_column_3_4 3_4 fusion-flex-column\" style=\"--awb-padding-top:20px;--awb-padding-bottom:78px;--awb-bg-position:center top;--awb-bg-blend:overlay;--awb-bg-size:cover;--awb-width-large:75%;--awb-margin-top-large:0px;--awb-spacing-right-large:2.56%;--awb-margin-bottom-large:20px;--awb-spacing-left-large:2.56%;--awb-width-medium:100%;--awb-spacing-right-medium:1.92%;--awb-spacing-left-medium:1.92%;--awb-width-small:100%;--awb-spacing-right-small:1.92%;--awb-spacing-left-small:1.92%;\"><div class=\"fusion-column-wrapper fusion-flex-justify-content-flex-start fusion-content-layout-column\"><div class=\"fusion-text fusion-text-1\" style=\"--awb-text-transform:none;\"><p style=\"text-align: center;\"><strong>Trux AB est le leader du march\u00e9 europ\u00e9en dans le secteur des \u00e9quipements de protection avant destin\u00e9s aux poids lourds.<\/strong><\/p>\n<p style=\"text-align: center;\">L&rsquo;entreprise a \u00e9t\u00e9 la premi\u00e8re sur le march\u00e9 europ\u00e9en \u00e0 concevoir et \u00e0 fabriquer un pare-buffles pour les camions. L\u2019entreprise propose aujourd\u2019hui une large gamme d\u2019\u00e9quipements de protection et de personnalisation \u00e0 monter sur les poids lourds de la plupart des marques europ\u00e9ennes.<\/p>\n<p style=\"text-align: center;\">La soci\u00e9t\u00e9 a \u00e9t\u00e9 fond\u00e9e en 1986. Ses principaux march\u00e9s sont la Su\u00e8de, la Norv\u00e8ge et l\u2019Allemagne.<br \/>\nTrux AB est situ\u00e9 \u00e0 Ljusdal, dans la province du H\u00e4lsingland au centre de la Su\u00e8de, et fait partie du groupe Extendo.<\/p>\n<\/div><\/div><\/div><\/div><\/div><div class=\"fusion-fullwidth fullwidth-box fusion-builder-row-3 hundred-percent-fullwidth non-hundred-percent-height-scrolling fusion-no-small-visibility fusion-no-medium-visibility\" style=\"--awb-border-radius-top-left:0px;--awb-border-radius-top-right:0px;--awb-border-radius-bottom-right:0px;--awb-border-radius-bottom-left:0px;--awb-flex-wrap:wrap;\" ><div class=\"fusion-builder-row fusion-row\"><div class=\"fusion-layout-column fusion_builder_column fusion-builder-column-2 fusion_builder_column_1_1 1_1 fusion-one-full fusion-column-first fusion-column-last\" style=\"--awb-bg-size:cover;\"><div class=\"fusion-column-wrapper fusion-column-has-shadow fusion-flex-column-wrapper-legacy\"><div class=\"fusion-section-separator section-separator big-half-circle fusion-section-separator-1\" style=\"--awb-spacer-height:99px;--awb-svg-margin-left:0;--awb-svg-margin-right:0;--awb-divider-height:99px;--awb-spacer-padding-top:inherit;--awb-sep-padding:0;--awb-svg-padding:0;\"><div class=\"fusion-section-separator-svg\"><svg class=\"fusion-big-half-circle-candy\" xmlns=\"http:\/\/www.w3.org\/2000\/svg\" version=\"1.1\" width=\"100%\" height=\"100\" viewBox=\"0 0 100 100\" preserveAspectRatio=\"none\" fill=\"rgba(37,41,43,1)\"><path d=\"M0 0 C55 180 100 0 100 0 Z\"><\/path><\/svg><\/div><div class=\"fusion-section-separator-spacer\"><div class=\"fusion-section-separator-spacer-height\"><\/div><\/div><\/div><div class=\"fusion-clearfix\"><\/div><\/div><\/div><\/div><\/div><div class=\"fusion-fullwidth fullwidth-box fusion-builder-row-4 fusion-flex-container has-pattern-background has-mask-background fusion-parallax-fixed nonhundred-percent-fullwidth non-hundred-percent-height-scrolling\" style=\"--awb-background-position:center top;--awb-border-radius-top-left:0px;--awb-border-radius-top-right:0px;--awb-border-radius-bottom-right:0px;--awb-border-radius-bottom-left:0px;--awb-padding-top:6%;--awb-padding-bottom:6%;--awb-margin-top:-100px;--awb-margin-bottom:0px;--awb-background-color:#ffffff;--awb-background-image:url(&quot;https:\/\/trux.se\/wp-content\/uploads\/2022\/10\/lacken_0953.webp&quot;);--awb-background-size:cover;--awb-flex-wrap:wrap;background-attachment:fixed;\" ><div class=\"fusion-builder-row fusion-row fusion-flex-align-items-center fusion-flex-justify-content-center fusion-flex-content-wrap\" style=\"max-width:1216.8px;margin-left: calc(-4% \/ 2 );margin-right: calc(-4% \/ 2 );\"><div class=\"fusion-layout-column fusion_builder_column fusion-builder-column-3 fusion_builder_column_3_4 3_4 fusion-flex-column\" style=\"--awb-padding-top:20px;--awb-padding-bottom:78px;--awb-bg-position:center top;--awb-bg-size:cover;--awb-width-large:75%;--awb-margin-top-large:50px;--awb-spacing-right-large:2.56%;--awb-margin-bottom-large:20px;--awb-spacing-left-large:2.56%;--awb-width-medium:100%;--awb-order-medium:0;--awb-spacing-right-medium:1.92%;--awb-spacing-left-medium:1.92%;--awb-width-small:100%;--awb-order-small:0;--awb-spacing-right-small:1.92%;--awb-spacing-left-small:1.92%;\"><div class=\"fusion-column-wrapper fusion-column-has-shadow fusion-flex-justify-content-flex-start fusion-content-layout-column\"><div class=\"fusion-title title fusion-title-3 fusion-sep-none fusion-title-center fusion-title-text fusion-title-size-two\" style=\"--awb-margin-bottom:0px;--awb-margin-top-small:10px;--awb-margin-right-small:0px;--awb-margin-bottom-small:10px;--awb-margin-left-small:0px;\"><h2 class=\"fusion-title-heading title-heading-center fusion-responsive-typography-calculated\" style=\"margin:0;--fontSize:25;line-height:1.28;\">TRUX<\/h2><\/div><div class=\"fusion-title title fusion-title-4 fusion-sep-none fusion-title-center fusion-title-text fusion-title-size-three\" style=\"--awb-margin-top-small:10px;--awb-margin-right-small:0px;--awb-margin-bottom-small:10px;--awb-margin-left-small:0px;--awb-font-size:70px;\"><h3 class=\"fusion-title-heading title-heading-center fusion-responsive-typography-calculated\" style=\"margin:0;font-size:1em;--fontSize:70;line-height:1.45;\"><p style=\"font-weight: 400;\">ID\u00c9E COMMERCIALE<\/p><\/h3><\/div><div class=\"fusion-text fusion-text-2\"><p style=\"text-align: center;\"><strong>Trux AB d\u00e9veloppe, fabrique, commercialise et vend des \u00e9quipements de protection et de personnalisation destin\u00e9s aux poids lourds, tels que les arceaux de s\u00e9curit\u00e9 et protections avant en aluminium.<\/strong><\/p>\n<p style=\"text-align: center;\">Les produits sont adapt\u00e9s aux mod\u00e8les de tous les constructeurs de camions d\u2019Europe. C\u2019est le principal march\u00e9 de Trux. Gr\u00e2ce \u00e0 la qualit\u00e9 \u00e9lev\u00e9e de ses produits, ses conceptions esth\u00e9tiques, sa disponibilit\u00e9 et sa possibilit\u00e9 d&rsquo;adaptations uniques aux besoins des clients, Trux reste le meilleur choix pour les soci\u00e9t\u00e9s de transport.<\/p>\n<p style=\"text-align: center;\">Les produits de Trux AB sont vendus par l&rsquo;interm\u00e9diaire de concessionnaires de camions en Su\u00e8de et de distributeurs ind\u00e9pendants sur le march\u00e9 de l&rsquo;exportation, ce qui garantit un haut niveau de disponibilit\u00e9 pour les soci\u00e9t\u00e9s de transport. Trux AB travaille \u00e9galement pour le compte de Volvo Trucks, Scania et DAF.<\/p>\n<\/div><\/div><\/div><\/div><\/div><div class=\"fusion-fullwidth fullwidth-box fusion-builder-row-5 nonhundred-percent-fullwidth non-hundred-percent-height-scrolling fusion-no-small-visibility fusion-no-medium-visibility\" style=\"--awb-border-radius-top-left:0px;--awb-border-radius-top-right:0px;--awb-border-radius-bottom-right:0px;--awb-border-radius-bottom-left:0px;--awb-margin-top:-100px;--awb-flex-wrap:wrap;\" ><div class=\"fusion-builder-row fusion-row\"><div class=\"fusion-layout-column fusion_builder_column fusion-builder-column-4 fusion_builder_column_1_1 1_1 fusion-one-full fusion-column-first fusion-column-last\" style=\"--awb-bg-size:cover;--awb-margin-bottom:0px;\"><div class=\"fusion-column-wrapper fusion-column-has-shadow fusion-flex-column-wrapper-legacy\"><div class=\"fusion-section-separator section-separator big-half-circle fusion-section-separator-2\" style=\"--awb-spacer-height:99px;--awb-svg-margin-left:0;--awb-svg-margin-right:0;--awb-divider-height:99px;--awb-spacer-padding-top:inherit;--awb-sep-padding:0;--awb-svg-padding:0;\"><div class=\"fusion-section-separator-svg\"><svg class=\"fusion-big-half-circle-candy\" xmlns=\"http:\/\/www.w3.org\/2000\/svg\" version=\"1.1\" width=\"100%\" height=\"100\" viewBox=\"0 0 100 100\" preserveAspectRatio=\"none\" fill=\"rgba(38,41,43,1)\"><path d=\"M0 100 C40 0 60 0 100 100 Z\"><\/path><\/svg><\/div><div class=\"fusion-section-separator-spacer\"><div class=\"fusion-section-separator-spacer-height\"><\/div><\/div><\/div><div class=\"fusion-clearfix\"><\/div><\/div><\/div><\/div><\/div><div class=\"fusion-fullwidth fullwidth-box fusion-builder-row-6 fusion-flex-container nonhundred-percent-fullwidth non-hundred-percent-height-scrolling\" style=\"--awb-background-position:center top;--awb-border-radius-top-left:0px;--awb-border-radius-top-right:0px;--awb-border-radius-bottom-right:0px;--awb-border-radius-bottom-left:0px;--awb-padding-top:6%;--awb-padding-bottom:6%;--awb-margin-top:-100px;--awb-margin-bottom:0px;--awb-flex-wrap:wrap;\" ><div class=\"fusion-builder-row fusion-row fusion-flex-align-items-center fusion-flex-justify-content-center fusion-flex-content-wrap\" style=\"max-width:1216.8px;margin-left: calc(-4% \/ 2 );margin-right: calc(-4% \/ 2 );\"><div class=\"fusion-layout-column fusion_builder_column fusion-builder-column-5 fusion_builder_column_3_4 3_4 fusion-flex-column\" style=\"--awb-padding-top:20px;--awb-padding-bottom:78px;--awb-bg-position:center top;--awb-bg-size:cover;--awb-width-large:75%;--awb-margin-top-large:50px;--awb-spacing-right-large:2.56%;--awb-margin-bottom-large:20px;--awb-spacing-left-large:2.56%;--awb-width-medium:100%;--awb-order-medium:0;--awb-spacing-right-medium:1.92%;--awb-spacing-left-medium:1.92%;--awb-width-small:100%;--awb-order-small:0;--awb-spacing-right-small:1.92%;--awb-spacing-left-small:1.92%;\"><div class=\"fusion-column-wrapper fusion-column-has-shadow fusion-flex-justify-content-flex-start fusion-content-layout-column\"><div class=\"fusion-title title fusion-title-5 fusion-sep-none fusion-title-center fusion-title-text fusion-title-size-two\" style=\"--awb-margin-bottom:0px;--awb-margin-top-small:10px;--awb-margin-right-small:0px;--awb-margin-bottom-small:10px;--awb-margin-left-small:0px;\"><h2 class=\"fusion-title-heading title-heading-center fusion-responsive-typography-calculated\" style=\"margin:0;--fontSize:25;line-height:1.28;\">TRUX<\/h2><\/div><div class=\"fusion-title title fusion-title-6 fusion-sep-none fusion-title-center fusion-title-text fusion-title-size-three\" style=\"--awb-margin-top-small:10px;--awb-margin-right-small:0px;--awb-margin-bottom-small:10px;--awb-margin-left-small:0px;--awb-font-size:70px;\"><h3 class=\"fusion-title-heading title-heading-center fusion-responsive-typography-calculated\" style=\"margin:0;font-size:1em;--fontSize:70;line-height:1.45;\"><p style=\"font-weight: 400;\">QUALIT\u00c9 ET ENVIRONNEMENT<\/p><\/h3><\/div><div class=\"fusion-text fusion-text-3\"><p style=\"text-align: center;\"><strong>Chez Trux, c\u2019est pour nous une \u00e9vidence de travailler avec les plus hautes exigences de qualit\u00e9, aussi bien pour la qualit\u00e9 des produits que pour celle du travail au quotidien, quelle que soit la t\u00e2che et en \u00e9tant le plus possible \u00e0 l\u2019\u00e9coute des clients.<\/strong><\/p>\n<p style=\"text-align: center;\">Nous accordons la m\u00eame importance au d\u00e9veloppement durable.<\/p>\n<p style=\"text-align: center;\">Pour garantir un travail juste et coh\u00e9rent, nous sommes certifi\u00e9s <a href=\"https:\/\/trux.se\/wp-content\/uploads\/2022\/09\/00004961-00004962-00004963-OHSAS-QMS-EMS-SWESE-UKAS-2.pdf\">ISO 14001:2015 | ISO 9001:2015 | ISO 45001:2018.<\/a><\/p>\n<p style=\"text-align: center;\"><a href=\"https:\/\/trux.se\/wp-content\/uploads\/2025\/06\/TRX_0014_Verksamhetspolicy-.pdf\">Politique d\u2019entreprise de Trux AB (PDF)<\/a><\/p>\n<\/div><\/div><\/div><\/div><\/div><\/p>\n","protected":false},"excerpt":{"rendered":"","protected":false},"author":1,"featured_media":0,"parent":0,"menu_order":0,"comment_status":"closed","ping_status":"closed","template":"100-width.php","meta":{"footnotes":""},"class_list":["post-203620","page","type-page","status-publish","hentry"],"_links":{"self":[{"href":"https:\/\/trux.se\/fr\/wp-json\/wp\/v2\/pages\/203620","targetHints":{"allow":["GET"]}}],"collection":[{"href":"https:\/\/trux.se\/fr\/wp-json\/wp\/v2\/pages"}],"about":[{"href":"https:\/\/trux.se\/fr\/wp-json\/wp\/v2\/types\/page"}],"author":[{"embeddable":true,"href":"https:\/\/trux.se\/fr\/wp-json\/wp\/v2\/users\/1"}],"replies":[{"embeddable":true,"href":"https:\/\/trux.se\/fr\/wp-json\/wp\/v2\/comments?post=203620"}],"version-history":[{"count":3,"href":"https:\/\/trux.se\/fr\/wp-json\/wp\/v2\/pages\/203620\/revisions"}],"predecessor-version":[{"id":205438,"href":"https:\/\/trux.se\/fr\/wp-json\/wp\/v2\/pages\/203620\/revisions\/205438"}],"wp:attachment":[{"href":"https:\/\/trux.se\/fr\/wp-json\/wp\/v2\/media?parent=203620"}],"curies":[{"name":"wp","href":"https:\/\/api.w.org\/{rel}","templated":true}]}}