{"id":139520,"date":"2015-11-19T17:26:03","date_gmt":"2015-11-19T16:26:03","guid":{"rendered":"https:\/\/trux.se\/?page_id=139520"},"modified":"2025-11-13T15:11:18","modified_gmt":"2025-11-13T14:11:18","slug":"o-nas","status":"publish","type":"page","link":"https:\/\/trux.se\/pl\/o-nas\/","title":{"rendered":"o nas"},"content":{"rendered":"<p><div class=\"fusion-fullwidth fullwidth-box fusion-builder-row-1 fusion-flex-container has-pattern-background has-mask-background fusion-parallax-fixed hundred-percent-fullwidth non-hundred-percent-height-scrolling\" style=\"--awb-background-position:center bottom;--awb-background-blend-mode:multiply;--awb-border-radius-top-left:0px;--awb-border-radius-top-right:0px;--awb-border-radius-bottom-right:0px;--awb-border-radius-bottom-left:0px;--awb-margin-top:0px;--awb-min-height:35vh;--awb-background-color:rgba(0,0,0,0.6);--awb-background-image:url(&quot;https:\/\/trux.se\/wp-content\/uploads\/2022\/11\/trux-historia.webp&quot;);--awb-background-size:cover;--awb-flex-wrap:wrap;background-attachment:fixed;\" ><div class=\"fusion-builder-row fusion-row fusion-flex-align-items-flex-end fusion-flex-align-content-flex-end fusion-flex-content-wrap\" style=\"width:104% !important;max-width:104% !important;margin-left: calc(-4% \/ 2 );margin-right: calc(-4% \/ 2 );\"><div class=\"fusion-layout-column fusion_builder_column fusion-builder-column-0 fusion_builder_column_1_1 1_1 fusion-flex-column fusion-flex-align-self-center\" style=\"--awb-bg-size:cover;--awb-width-large:100%;--awb-margin-top-large:0px;--awb-spacing-right-large:1.92%;--awb-margin-bottom-large:0%;--awb-spacing-left-large:1.92%;--awb-width-medium:100%;--awb-order-medium:0;--awb-spacing-right-medium:1.92%;--awb-spacing-left-medium:1.92%;--awb-width-small:100%;--awb-order-small:0;--awb-spacing-right-small:1.92%;--awb-spacing-left-small:1.92%;\"><div class=\"fusion-column-wrapper fusion-column-has-shadow fusion-flex-justify-content-center fusion-content-layout-column\"><div class=\"fusion-title title fusion-title-1 fusion-sep-none fusion-title-center fusion-title-text fusion-title-size-two\" style=\"--awb-margin-bottom:0px;--awb-margin-top-small:10px;--awb-margin-right-small:0px;--awb-margin-bottom-small:10px;--awb-margin-left-small:0px;\"><h2 class=\"fusion-title-heading title-heading-center fusion-responsive-typography-calculated\" style=\"margin:0;--fontSize:25;line-height:1.28;\">TRUX<\/h2><\/div><div class=\"fusion-title title fusion-title-2 fusion-sep-none fusion-title-center fusion-title-text fusion-title-size-one\" style=\"--awb-margin-top:0em;--awb-margin-top-small:10px;--awb-margin-right-small:0px;--awb-margin-bottom-small:10px;--awb-margin-left-small:0px;--awb-font-size:70px;\"><h1 class=\"fusion-title-heading title-heading-center fusion-responsive-typography-calculated\" style=\"font-family:&quot;Montserrat&quot;;margin:0;font-size:1em;--fontSize:70;line-height:1.4;\">FIRMA<\/h1><\/div><\/div><\/div><\/div><\/div><div class=\"fusion-fullwidth fullwidth-box fusion-builder-row-2 fusion-flex-container has-pattern-background has-mask-background nonhundred-percent-fullwidth non-hundred-percent-height-scrolling\" style=\"--awb-background-position:center top;--awb-border-radius-top-left:0px;--awb-border-radius-top-right:0px;--awb-border-radius-bottom-right:0px;--awb-border-radius-bottom-left:0px;--awb-padding-top:6%;--awb-padding-bottom:6%;--awb-flex-wrap:wrap;\" ><div class=\"fusion-builder-row fusion-row fusion-flex-align-items-center fusion-flex-justify-content-center fusion-flex-content-wrap\" style=\"max-width:1216.8px;margin-left: calc(-4% \/ 2 );margin-right: calc(-4% \/ 2 );\"><div class=\"fusion-layout-column fusion_builder_column fusion-builder-column-1 fusion_builder_column_3_4 3_4 fusion-flex-column\" style=\"--awb-padding-top:20px;--awb-padding-bottom:78px;--awb-bg-position:center top;--awb-bg-blend:overlay;--awb-bg-size:cover;--awb-width-large:75%;--awb-margin-top-large:0px;--awb-spacing-right-large:2.56%;--awb-margin-bottom-large:20px;--awb-spacing-left-large:2.56%;--awb-width-medium:100%;--awb-spacing-right-medium:1.92%;--awb-spacing-left-medium:1.92%;--awb-width-small:100%;--awb-spacing-right-small:1.92%;--awb-spacing-left-small:1.92%;\"><div class=\"fusion-column-wrapper fusion-flex-justify-content-flex-start fusion-content-layout-column\"><div class=\"fusion-text fusion-text-1\" style=\"--awb-text-transform:none;\"><p style=\"text-align: center;\"><strong>Trux AB jest liderem na europejskim rynku w zakresie produkcji homologowanych czo\u0142owych os\u0142on do samochod\u00f3w ci\u0119\u017carowych<\/strong>.<\/p>\n<p style=\"text-align: center;\">Firma jako pierwsza w Europie zaprojektowa\u0142a i wyprodukowa\u0142a czo\u0142owe os\u0142ony do samochod\u00f3w ci\u0119\u017carowych. Obecnie mo\u017cemy pochwali\u0107 si\u0119 szerok\u0105 gam\u0105 produkt\u00f3w i akcesori\u00f3w dopasowanych do wi\u0119kszo\u015bci europejskich marek samochod\u00f3w.<\/p>\n<p style=\"text-align: center;\">Firma Powsta\u0142a w 1986 roku. Najwi\u0119kszymi pojedynczymi rynkami zbytu s\u0105 Szwecja, Norwegia i Niemcy.<br \/>\nTrux AB ma swoj\u0105 siedzib\u0119 w Ljusdal \u2013 w malowniczym H\u00e4lsingland po\u0142o\u017conym w \u015brodkowym regionie Szwecji. Firma jest cz\u0119\u015bci\u0105 Grupy Extendo.<\/p>\n<\/div><\/div><\/div><\/div><\/div><div class=\"fusion-fullwidth fullwidth-box fusion-builder-row-3 hundred-percent-fullwidth non-hundred-percent-height-scrolling\" style=\"--awb-border-radius-top-left:0px;--awb-border-radius-top-right:0px;--awb-border-radius-bottom-right:0px;--awb-border-radius-bottom-left:0px;--awb-flex-wrap:wrap;\" ><div class=\"fusion-builder-row fusion-row\"><div class=\"fusion-layout-column fusion_builder_column fusion-builder-column-2 fusion_builder_column_1_1 1_1 fusion-one-full fusion-column-first fusion-column-last\" style=\"--awb-bg-size:cover;\"><div class=\"fusion-column-wrapper fusion-column-has-shadow fusion-flex-column-wrapper-legacy\"><div class=\"fusion-section-separator section-separator big-half-circle fusion-section-separator-1\" style=\"--awb-spacer-height:99px;--awb-svg-margin-left:0;--awb-svg-margin-right:0;--awb-divider-height:99px;--awb-spacer-padding-top:inherit;--awb-sep-padding:0;--awb-svg-padding:0;\"><div class=\"fusion-section-separator-svg\"><svg class=\"fusion-big-half-circle-candy\" xmlns=\"http:\/\/www.w3.org\/2000\/svg\" version=\"1.1\" width=\"100%\" height=\"100\" viewBox=\"0 0 100 100\" preserveAspectRatio=\"none\" fill=\"rgba(37,41,43,1)\"><path d=\"M0 0 C55 180 100 0 100 0 Z\"><\/path><\/svg><\/div><div class=\"fusion-section-separator-spacer\"><div class=\"fusion-section-separator-spacer-height\"><\/div><\/div><\/div><div class=\"fusion-clearfix\"><\/div><\/div><\/div><\/div><\/div><div class=\"fusion-fullwidth fullwidth-box fusion-builder-row-4 fusion-flex-container has-pattern-background has-mask-background fusion-parallax-fixed nonhundred-percent-fullwidth non-hundred-percent-height-scrolling\" style=\"--awb-background-position:center top;--awb-border-radius-top-left:0px;--awb-border-radius-top-right:0px;--awb-border-radius-bottom-right:0px;--awb-border-radius-bottom-left:0px;--awb-padding-top:6%;--awb-padding-bottom:6%;--awb-margin-top:-100px;--awb-margin-bottom:0px;--awb-background-color:#ffffff;--awb-background-image:url(&quot;https:\/\/trux.se\/wp-content\/uploads\/2022\/10\/lacken_0953.webp&quot;);--awb-background-size:cover;--awb-flex-wrap:wrap;background-attachment:fixed;\" ><div class=\"fusion-builder-row fusion-row fusion-flex-align-items-center fusion-flex-justify-content-center fusion-flex-content-wrap\" style=\"max-width:1216.8px;margin-left: calc(-4% \/ 2 );margin-right: calc(-4% \/ 2 );\"><div class=\"fusion-layout-column fusion_builder_column fusion-builder-column-3 fusion_builder_column_3_4 3_4 fusion-flex-column\" style=\"--awb-padding-top:20px;--awb-padding-bottom:78px;--awb-bg-position:center top;--awb-bg-size:cover;--awb-width-large:75%;--awb-margin-top-large:50px;--awb-spacing-right-large:2.56%;--awb-margin-bottom-large:20px;--awb-spacing-left-large:2.56%;--awb-width-medium:100%;--awb-order-medium:0;--awb-spacing-right-medium:1.92%;--awb-spacing-left-medium:1.92%;--awb-width-small:100%;--awb-order-small:0;--awb-spacing-right-small:1.92%;--awb-spacing-left-small:1.92%;\"><div class=\"fusion-column-wrapper fusion-column-has-shadow fusion-flex-justify-content-flex-start fusion-content-layout-column\"><div class=\"fusion-title title fusion-title-3 fusion-sep-none fusion-title-center fusion-title-text fusion-title-size-two\" style=\"--awb-margin-bottom:0px;--awb-margin-top-small:10px;--awb-margin-right-small:0px;--awb-margin-bottom-small:10px;--awb-margin-left-small:0px;\"><h2 class=\"fusion-title-heading title-heading-center fusion-responsive-typography-calculated\" style=\"margin:0;--fontSize:25;line-height:1.28;\">TRUX<\/h2><\/div><div class=\"fusion-title title fusion-title-4 fusion-sep-none fusion-title-center fusion-title-text fusion-title-size-three\" style=\"--awb-margin-top-small:10px;--awb-margin-right-small:0px;--awb-margin-bottom-small:10px;--awb-margin-left-small:0px;--awb-font-size:70px;\"><h3 class=\"fusion-title-heading title-heading-center fusion-responsive-typography-calculated\" style=\"margin:0;font-size:1em;--fontSize:70;line-height:1.45;\">POMYS\u0141 NA BIZNES<\/h3><\/div><div class=\"fusion-text fusion-text-2\"><p style=\"text-align: center;\"><strong>Trux AB opracowuje, produkuje, oraz wprowadza na rynek wyposa\u017cenie poprawiaj\u0105ce wygl\u0105d pojazdu i zapewniaj\u0105ce wi\u0119ksze bezpiecze\u0144stwo dla kierowcy. Szczeg\u00f3lnie dotyczy to produkt\u00f3w takich jak orurowanie i os\u0142ony czo\u0142owe do samochod\u00f3w ci\u0119\u017carowych.<\/strong><\/p>\n<p style=\"text-align: center;\">Wszystkie produkty dopasowane s\u0105 do wi\u0119kszo\u015bci marek samochod\u00f3w ci\u0119\u017carowych w Europie, kt\u00f3ra stanowi g\u0142\u00f3wny rynek zbytu firmy Trux. Trux jest najlepszym wyborem dla firmy transportowej. Wskazuje na to wysoka jako\u015b\u0107 produkt\u00f3w, dopracowane wzornictwo, \u0142atwa dost\u0119pno\u015b\u0107 i mo\u017cliwo\u015b\u0107 dostosowania si\u0119 do unikalnych potrzeb klient\u00f3w.<\/p>\n<p style=\"text-align: center;\">Produkty Trux AB dost\u0119pne s\u0105 u autoryzowanych szwedzkich dealer\u00f3w ci\u0119\u017car\u00f3wek, za\u015b na rynek eksportowy trafiaj\u0105 dzi\u0119ki starannie wybranym zagranicznym partnerom. Takie dzia\u0142anie gwarantuje firmie transportowej wysoki poziom dost\u0119pno\u015bci cz\u0119\u015bci. Trux AB jest r\u00f3wnie\u017c notowanym na gie\u0142dzie podwykonawc\u0105 firm Volvo Trucks, Scania i DAF.<\/p>\n<\/div><\/div><\/div><\/div><\/div><div class=\"fusion-fullwidth fullwidth-box fusion-builder-row-5 fusion-flex-container nonhundred-percent-fullwidth non-hundred-percent-height-scrolling\" style=\"--awb-background-position:center top;--awb-border-radius-top-left:0px;--awb-border-radius-top-right:0px;--awb-border-radius-bottom-right:0px;--awb-border-radius-bottom-left:0px;--awb-padding-top:6%;--awb-padding-bottom:6%;--awb-margin-top:-100px;--awb-margin-bottom:0px;--awb-flex-wrap:wrap;\" ><div class=\"fusion-builder-row fusion-row fusion-flex-align-items-center fusion-flex-justify-content-center fusion-flex-content-wrap\" style=\"max-width:1216.8px;margin-left: calc(-4% \/ 2 );margin-right: calc(-4% \/ 2 );\"><div class=\"fusion-layout-column fusion_builder_column fusion-builder-column-4 fusion_builder_column_3_4 3_4 fusion-flex-column\" style=\"--awb-padding-top:20px;--awb-padding-bottom:78px;--awb-bg-position:center top;--awb-bg-size:cover;--awb-width-large:75%;--awb-margin-top-large:50px;--awb-spacing-right-large:2.56%;--awb-margin-bottom-large:20px;--awb-spacing-left-large:2.56%;--awb-width-medium:100%;--awb-order-medium:0;--awb-spacing-right-medium:1.92%;--awb-spacing-left-medium:1.92%;--awb-width-small:100%;--awb-order-small:0;--awb-spacing-right-small:1.92%;--awb-spacing-left-small:1.92%;\"><div class=\"fusion-column-wrapper fusion-column-has-shadow fusion-flex-justify-content-flex-start fusion-content-layout-column\"><div class=\"fusion-title title fusion-title-5 fusion-sep-none fusion-title-center fusion-title-text fusion-title-size-two\" style=\"--awb-margin-bottom:0px;--awb-margin-top-small:10px;--awb-margin-right-small:0px;--awb-margin-bottom-small:10px;--awb-margin-left-small:0px;\"><h2 class=\"fusion-title-heading title-heading-center fusion-responsive-typography-calculated\" style=\"margin:0;--fontSize:25;line-height:1.28;\">TRUX<\/h2><\/div><div class=\"fusion-title title fusion-title-6 fusion-sep-none fusion-title-center fusion-title-text fusion-title-size-three\" style=\"--awb-margin-top-small:10px;--awb-margin-right-small:0px;--awb-margin-bottom-small:10px;--awb-margin-left-small:0px;--awb-font-size:70px;\"><h3 class=\"fusion-title-heading title-heading-center fusion-responsive-typography-calculated\" style=\"margin:0;font-size:1em;--fontSize:70;line-height:1.45;\">JAKO\u015a\u0106 I \u015aRODOWISKO<\/h3><\/div><div class=\"fusion-text fusion-text-3\"><p style=\"text-align: center;\"><strong>Dla nas w Trux naturaln\u0105 rzecz\u0105 jest dbanie o wysok\u0105 jako\u015b\u0107 produkt\u00f3w, w\u0142a\u015bciwe i przyjazne \u015brodowisko pracy, a tak\u017ce zadowolenie naszego klienta.<\/strong><\/p>\n<p style=\"text-align: center;\">R\u00f3wnie wa\u017cna dla nas jest praca na rzecz osi\u0105gni\u0119cia zr\u00f3wnowa\u017cenia \u015brodowiskowego.<\/p>\n<p style=\"text-align: center;\">Aby mie\u0107 pewno\u015b\u0107, \u017ce pracujemy i dzia\u0142amy we w\u0142a\u015bciwy spos\u00f3b spe\u0142nili\u015bmy wszystkie wymagania certyfikat\u00f3w ISO 14001:2015 | ISO 9001:2015 | ISO 45001:2018.<\/p>\n<\/div><\/div><\/div><\/div><\/div><div class=\"fusion-fullwidth fullwidth-box fusion-builder-row-6 fusion-flex-container hundred-percent-fullwidth non-hundred-percent-height-scrolling\" style=\"--awb-border-radius-top-left:0px;--awb-border-radius-top-right:0px;--awb-border-radius-bottom-right:0px;--awb-border-radius-bottom-left:0px;--awb-margin-bottom:0px;--awb-background-color:#ffc500;--awb-flex-wrap:wrap;\" ><\/div>\n<div class=\"fusion-fullwidth fullwidth-box fusion-builder-row-7 has-pattern-background has-mask-background hundred-percent-fullwidth non-hundred-percent-height-scrolling\" style=\"--awb-border-radius-top-left:0px;--awb-border-radius-top-right:0px;--awb-border-radius-bottom-right:0px;--awb-border-radius-bottom-left:0px;--awb-padding-top:0px;--awb-padding-right:0px;--awb-padding-bottom:0px;--awb-padding-left:0px;--awb-margin-top:0px;--awb-margin-bottom:0px;--awb-background-color:var(--awb-color8);--awb-flex-wrap:wrap;\" ><\/div>\n<\/p>\n","protected":false},"excerpt":{"rendered":"","protected":false},"author":1,"featured_media":0,"parent":0,"menu_order":0,"comment_status":"closed","ping_status":"closed","template":"100-width.php","meta":{"footnotes":""},"class_list":["post-139520","page","type-page","status-publish","hentry"],"_links":{"self":[{"href":"https:\/\/trux.se\/pl\/wp-json\/wp\/v2\/pages\/139520","targetHints":{"allow":["GET"]}}],"collection":[{"href":"https:\/\/trux.se\/pl\/wp-json\/wp\/v2\/pages"}],"about":[{"href":"https:\/\/trux.se\/pl\/wp-json\/wp\/v2\/types\/page"}],"author":[{"embeddable":true,"href":"https:\/\/trux.se\/pl\/wp-json\/wp\/v2\/users\/1"}],"replies":[{"embeddable":true,"href":"https:\/\/trux.se\/pl\/wp-json\/wp\/v2\/comments?post=139520"}],"version-history":[{"count":16,"href":"https:\/\/trux.se\/pl\/wp-json\/wp\/v2\/pages\/139520\/revisions"}],"predecessor-version":[{"id":229062,"href":"https:\/\/trux.se\/pl\/wp-json\/wp\/v2\/pages\/139520\/revisions\/229062"}],"wp:attachment":[{"href":"https:\/\/trux.se\/pl\/wp-json\/wp\/v2\/media?parent=139520"}],"curies":[{"name":"wp","href":"https:\/\/api.w.org\/{rel}","templated":true}]}}